{"id":3,"date":"2020-10-24T11:40:45","date_gmt":"2020-10-24T11:40:45","guid":{"rendered":"https:\/\/1001razoes.com.br\/canto\/?page_id=3"},"modified":"2020-10-24T16:26:41","modified_gmt":"2020-10-24T16:26:41","slug":"privacy-policy","status":"publish","type":"page","link":"https:\/\/1001razoes.com.br\/canto\/privacy-policy\/","title":{"rendered":"Pol\u00edtica de Privacidade"},"content":{"rendered":"\r\n<h2 class=\"wp-block-heading\">Pol\u00edtica de privacidade para <a href=\"http:\/\/1001razoes.com.br\">1001 Raz\u00f5es Para Louvar e Adorar<\/a><\/h2>\r\n<p>Todas as suas informa\u00e7\u00f5es pessoais recolhidas, ser\u00e3o usadas para o ajudar a tornar a sua visita no nosso site o mais produtiva e agrad\u00e1vel poss\u00edvel.<\/p>\r\n<p>A garantia da confidencialidade dos dados pessoais dos utilizadores do nosso site \u00e9 importante para o 1001 Raz\u00f5es Para Louvar e Adorar.<\/p>\r\n<p>Todas as informa\u00e7\u00f5es pessoais relativas a membros, assinantes, clientes ou visitantes que usem o 1001 Raz\u00f5es Para Louvar e Adorar ser\u00e3o tratadas em concord\u00e2ncia com a Lei da Prote\u00e7\u00e3o de Dados Pessoais de 26 de outubro de 1998 (Lei n.\u00ba 67\/98).<\/p>\r\n<p>A informa\u00e7\u00e3o pessoal recolhida pode incluir o seu nome, e-mail, n\u00famero de telefone e\/ou telem\u00f3vel, morada, data de nascimento e\/ou outros.<\/p>\r\n<p>O uso do 1001 Raz\u00f5es Para Louvar e Adorar pressup\u00f5e a aceita\u00e7\u00e3o deste Acordo de privacidade. A equipa do 1001 Raz\u00f5es Para Louvar e Adorar reserva-se ao direito de alterar este acordo sem aviso pr\u00e9vio. Deste modo, recomendamos que consulte a nossa pol\u00edtica de privacidade com regularidade de forma a estar sempre atualizado.<\/p>\r\n<h2>Os an\u00fancios<\/h2>\r\n<p>Tal como outros websites, coletamos e utilizamos informa\u00e7\u00e3o contida nos an\u00fancios. A informa\u00e7\u00e3o contida nos an\u00fancios, inclui o seu endere\u00e7o IP (Internet Protocol), o seu ISP (Internet Service Provider, como o Sapo, Clix, ou outro), o browser que utilizou ao visitar o nosso website (como o Internet Explorer ou o Firefox), o tempo da sua visita e que p\u00e1ginas visitou dentro do nosso website.<\/p>\r\n<h2>Cookie DoubleClick Dart<\/h2>\r\n<p>O Google, como fornecedor de terceiros, utiliza cookies para exibir an\u00fancios no nosso website;<\/p>\r\n<p>Com o cookie DART, o Google pode exibir an\u00fancios com base nas visitas que o leitor fez a outros websites na Internet;<\/p>\r\n<p>Os utilizadores podem desativar o cookie DART visitando a Pol\u00edtica de <a title=\"privacidade da rede de conte\u00fado\" href=\"http:\/\/politicaprivacidade.com\/\">privacidade da rede de conte\u00fado<\/a> e dos an\u00fancios do Google.<\/p>\r\n<h2>Os Cookies e Web Beacons<\/h2>\r\n<p>Utilizamos cookies para armazenar informa\u00e7\u00e3o, tais como as suas prefer\u00eancias pessoas quando visita o nosso website. Isto poder\u00e1 incluir um simples popup, ou uma liga\u00e7\u00e3o em v\u00e1rios servi\u00e7os que providenciamos, tais como f\u00f3runs.<\/p>\r\n<p>Em adi\u00e7\u00e3o tamb\u00e9m utilizamos publicidade de terceiros no nosso website para suportar os custos de manuten\u00e7\u00e3o. Alguns destes publicit\u00e1rios, poder\u00e3o utilizar tecnologias como os cookies e\/ou web beacons quando publicitam no nosso website, o que far\u00e1 com que esses publicit\u00e1rios (como o Google atrav\u00e9s do Google AdSense) tamb\u00e9m recebam a sua informa\u00e7\u00e3o pessoal, como o endere\u00e7o IP, o seu ISP, o seu browser, etc. Esta fun\u00e7\u00e3o \u00e9 geralmente utilizada para geotargeting (mostrar publicidade de Lisboa apenas aos leitores oriundos de Lisboa por ex.) ou apresentar publicidade direcionada a um tipo de utilizador (como mostrar publicidade de restaurante a um utilizador que visita sites de culin\u00e1ria regularmente, por ex.).<\/p>\r\n<p>Voc\u00ea det\u00e9m o poder de desligar os seus cookies, nas op\u00e7\u00f5es do seu browser, ou efetuando altera\u00e7\u00f5es nas ferramentas de programas Anti-Virus, como o Norton Internet Security. No entanto, isso poder\u00e1 alterar a forma como interage com o nosso website, ou outros websites. Isso poder\u00e1 afetar ou n\u00e3o permitir que fa\u00e7a logins em programas, sites ou f\u00f3runs da nossa e de outras redes.<\/p>\r\n<h2>Liga\u00e7\u00f5es a Sites de terceiros<\/h2>\r\n<p>O 1001 Raz\u00f5es Para Louvar e Adorar possui liga\u00e7\u00f5es para outros sites, os quais, a nosso ver, podem conter informa\u00e7\u00f5es \/ ferramentas \u00fateis para os nossos visitantes. A nossa pol\u00edtica de privacidade n\u00e3o \u00e9 aplicada a sites de terceiros, pelo que, caso visite outro site a partir do nosso dever\u00e1 ler a politica de privacidade do mesmo.<\/p>\r\n<p>N\u00e3o nos responsabilizamos pela pol\u00edtica de privacidade ou conte\u00fado presente nesses mesmos sites.<\/p>\r\n<!--CusAds0-->\n<div style=\"font-size: 0px; height: 0px; line-height: 0px; margin: 0; padding: 0; clear: both;\"><\/div>","protected":false},"excerpt":{"rendered":"<p>Pol\u00edtica de privacidade para 1001 Raz\u00f5es Para Louvar e Adorar Todas as suas informa\u00e7\u00f5es pessoais recolhidas, ser\u00e3o usadas para o ajudar a tornar a sua visita no nosso site o mais produtiva e agrad\u00e1vel poss\u00edvel. A garantia da confidencialidade dos dados pessoais dos utilizadores do nosso site \u00e9 importante para o 1001 Raz\u00f5es Para Louvar&hellip;&nbsp;<a href=\"https:\/\/1001razoes.com.br\/canto\/privacy-policy\/\" class=\"\" rel=\"bookmark\">Continue a ler &raquo;<span class=\"screen-reader-text\">Pol\u00edtica de Privacidade<\/span><\/a><\/p>\n","protected":false},"author":1,"featured_media":0,"parent":0,"menu_order":0,"comment_status":"closed","ping_status":"open","template":"","meta":{"neve_meta_sidebar":"","neve_meta_container":"","neve_meta_enable_content_width":"off","neve_meta_content_width":0,"neve_meta_title_alignment":"","neve_meta_author_avatar":"","neve_post_elements_order":"","neve_meta_disable_header":"","neve_meta_disable_footer":"","neve_meta_disable_title":"","_themeisle_gutenberg_block_has_review":false,"_ti_tpc_template_sync":false,"_ti_tpc_template_id":"","footnotes":""},"class_list":["post-3","page","type-page","status-publish","hentry"],"yoast_head":"<!-- This site is optimized with the Yoast SEO plugin v26.9 - https:\/\/yoast.com\/product\/yoast-seo-wordpress\/ -->\n<title>Pol\u00edtica de Privacidade - Canto<\/title>\n<meta name=\"robots\" content=\"index, follow, max-snippet:-1, max-image-preview:large, max-video-preview:-1\" \/>\n<link rel=\"canonical\" href=\"https:\/\/1001razoes.com.br\/canto\/privacy-policy\/\" \/>\n<meta property=\"og:locale\" content=\"pt_BR\" \/>\n<meta property=\"og:type\" content=\"article\" \/>\n<meta property=\"og:title\" content=\"Pol\u00edtica de Privacidade - Canto\" \/>\n<meta property=\"og:description\" content=\"Pol\u00edtica de privacidade para 1001 Raz\u00f5es Para Louvar e Adorar Todas as suas informa\u00e7\u00f5es pessoais recolhidas, ser\u00e3o usadas para o ajudar a tornar a sua visita no nosso site o mais produtiva e agrad\u00e1vel poss\u00edvel. A garantia da confidencialidade dos dados pessoais dos utilizadores do nosso site \u00e9 importante para o 1001 Raz\u00f5es Para Louvar&hellip;&nbsp;Continue a ler &raquo;Pol\u00edtica de Privacidade\" \/>\n<meta property=\"og:url\" content=\"https:\/\/1001razoes.com.br\/canto\/privacy-policy\/\" \/>\n<meta property=\"og:site_name\" content=\"Canto\" \/>\n<meta property=\"article:modified_time\" content=\"2020-10-24T16:26:41+00:00\" \/>\n<meta name=\"twitter:card\" content=\"summary_large_image\" \/>\n<meta name=\"twitter:label1\" content=\"Est. tempo de leitura\" \/>\n\t<meta name=\"twitter:data1\" content=\"3 minutos\" \/>\n<script type=\"application\/ld+json\" class=\"yoast-schema-graph\">{\"@context\":\"https:\/\/schema.org\",\"@graph\":[{\"@type\":\"WebPage\",\"@id\":\"https:\/\/1001razoes.com.br\/canto\/privacy-policy\/\",\"url\":\"https:\/\/1001razoes.com.br\/canto\/privacy-policy\/\",\"name\":\"Pol\u00edtica de Privacidade - Canto\",\"isPartOf\":{\"@id\":\"https:\/\/1001razoes.com.br\/canto\/#website\"},\"datePublished\":\"2020-10-24T11:40:45+00:00\",\"dateModified\":\"2020-10-24T16:26:41+00:00\",\"breadcrumb\":{\"@id\":\"https:\/\/1001razoes.com.br\/canto\/privacy-policy\/#breadcrumb\"},\"inLanguage\":\"pt-BR\",\"potentialAction\":[{\"@type\":\"ReadAction\",\"target\":[\"https:\/\/1001razoes.com.br\/canto\/privacy-policy\/\"]}]},{\"@type\":\"BreadcrumbList\",\"@id\":\"https:\/\/1001razoes.com.br\/canto\/privacy-policy\/#breadcrumb\",\"itemListElement\":[{\"@type\":\"ListItem\",\"position\":1,\"name\":\"In\u00edcio\",\"item\":\"https:\/\/1001razoes.com.br\/canto\/\"},{\"@type\":\"ListItem\",\"position\":2,\"name\":\"Pol\u00edtica de Privacidade\"}]},{\"@type\":\"WebSite\",\"@id\":\"https:\/\/1001razoes.com.br\/canto\/#website\",\"url\":\"https:\/\/1001razoes.com.br\/canto\/\",\"name\":\"Canto\",\"description\":\"Para quem ama cantar\",\"publisher\":{\"@id\":\"https:\/\/1001razoes.com.br\/canto\/#organization\"},\"potentialAction\":[{\"@type\":\"SearchAction\",\"target\":{\"@type\":\"EntryPoint\",\"urlTemplate\":\"https:\/\/1001razoes.com.br\/canto\/?s={search_term_string}\"},\"query-input\":{\"@type\":\"PropertyValueSpecification\",\"valueRequired\":true,\"valueName\":\"search_term_string\"}}],\"inLanguage\":\"pt-BR\"},{\"@type\":\"Organization\",\"@id\":\"https:\/\/1001razoes.com.br\/canto\/#organization\",\"name\":\"Canto\",\"url\":\"https:\/\/1001razoes.com.br\/canto\/\",\"logo\":{\"@type\":\"ImageObject\",\"inLanguage\":\"pt-BR\",\"@id\":\"https:\/\/1001razoes.com.br\/canto\/#\/schema\/logo\/image\/\",\"url\":\"https:\/\/1001razoes.com.br\/canto\/wp-content\/uploads\/2020\/10\/Titulo-site2.png\",\"contentUrl\":\"https:\/\/1001razoes.com.br\/canto\/wp-content\/uploads\/2020\/10\/Titulo-site2.png\",\"width\":350,\"height\":90,\"caption\":\"Canto\"},\"image\":{\"@id\":\"https:\/\/1001razoes.com.br\/canto\/#\/schema\/logo\/image\/\"}}]}<\/script>\n<!-- \/ Yoast SEO plugin. -->","yoast_head_json":{"title":"Pol\u00edtica de Privacidade - Canto","robots":{"index":"index","follow":"follow","max-snippet":"max-snippet:-1","max-image-preview":"max-image-preview:large","max-video-preview":"max-video-preview:-1"},"canonical":"https:\/\/1001razoes.com.br\/canto\/privacy-policy\/","og_locale":"pt_BR","og_type":"article","og_title":"Pol\u00edtica de Privacidade - Canto","og_description":"Pol\u00edtica de privacidade para 1001 Raz\u00f5es Para Louvar e Adorar Todas as suas informa\u00e7\u00f5es pessoais recolhidas, ser\u00e3o usadas para o ajudar a tornar a sua visita no nosso site o mais produtiva e agrad\u00e1vel poss\u00edvel. A garantia da confidencialidade dos dados pessoais dos utilizadores do nosso site \u00e9 importante para o 1001 Raz\u00f5es Para Louvar&hellip;&nbsp;Continue a ler &raquo;Pol\u00edtica de Privacidade","og_url":"https:\/\/1001razoes.com.br\/canto\/privacy-policy\/","og_site_name":"Canto","article_modified_time":"2020-10-24T16:26:41+00:00","twitter_card":"summary_large_image","twitter_misc":{"Est. tempo de leitura":"3 minutos"},"schema":{"@context":"https:\/\/schema.org","@graph":[{"@type":"WebPage","@id":"https:\/\/1001razoes.com.br\/canto\/privacy-policy\/","url":"https:\/\/1001razoes.com.br\/canto\/privacy-policy\/","name":"Pol\u00edtica de Privacidade - Canto","isPartOf":{"@id":"https:\/\/1001razoes.com.br\/canto\/#website"},"datePublished":"2020-10-24T11:40:45+00:00","dateModified":"2020-10-24T16:26:41+00:00","breadcrumb":{"@id":"https:\/\/1001razoes.com.br\/canto\/privacy-policy\/#breadcrumb"},"inLanguage":"pt-BR","potentialAction":[{"@type":"ReadAction","target":["https:\/\/1001razoes.com.br\/canto\/privacy-policy\/"]}]},{"@type":"BreadcrumbList","@id":"https:\/\/1001razoes.com.br\/canto\/privacy-policy\/#breadcrumb","itemListElement":[{"@type":"ListItem","position":1,"name":"In\u00edcio","item":"https:\/\/1001razoes.com.br\/canto\/"},{"@type":"ListItem","position":2,"name":"Pol\u00edtica de Privacidade"}]},{"@type":"WebSite","@id":"https:\/\/1001razoes.com.br\/canto\/#website","url":"https:\/\/1001razoes.com.br\/canto\/","name":"Canto","description":"Para quem ama cantar","publisher":{"@id":"https:\/\/1001razoes.com.br\/canto\/#organization"},"potentialAction":[{"@type":"SearchAction","target":{"@type":"EntryPoint","urlTemplate":"https:\/\/1001razoes.com.br\/canto\/?s={search_term_string}"},"query-input":{"@type":"PropertyValueSpecification","valueRequired":true,"valueName":"search_term_string"}}],"inLanguage":"pt-BR"},{"@type":"Organization","@id":"https:\/\/1001razoes.com.br\/canto\/#organization","name":"Canto","url":"https:\/\/1001razoes.com.br\/canto\/","logo":{"@type":"ImageObject","inLanguage":"pt-BR","@id":"https:\/\/1001razoes.com.br\/canto\/#\/schema\/logo\/image\/","url":"https:\/\/1001razoes.com.br\/canto\/wp-content\/uploads\/2020\/10\/Titulo-site2.png","contentUrl":"https:\/\/1001razoes.com.br\/canto\/wp-content\/uploads\/2020\/10\/Titulo-site2.png","width":350,"height":90,"caption":"Canto"},"image":{"@id":"https:\/\/1001razoes.com.br\/canto\/#\/schema\/logo\/image\/"}}]}},"_links":{"self":[{"href":"https:\/\/1001razoes.com.br\/canto\/wp-json\/wp\/v2\/pages\/3","targetHints":{"allow":["GET"]}}],"collection":[{"href":"https:\/\/1001razoes.com.br\/canto\/wp-json\/wp\/v2\/pages"}],"about":[{"href":"https:\/\/1001razoes.com.br\/canto\/wp-json\/wp\/v2\/types\/page"}],"author":[{"embeddable":true,"href":"https:\/\/1001razoes.com.br\/canto\/wp-json\/wp\/v2\/users\/1"}],"replies":[{"embeddable":true,"href":"https:\/\/1001razoes.com.br\/canto\/wp-json\/wp\/v2\/comments?post=3"}],"version-history":[{"count":1,"href":"https:\/\/1001razoes.com.br\/canto\/wp-json\/wp\/v2\/pages\/3\/revisions"}],"predecessor-version":[{"id":15,"href":"https:\/\/1001razoes.com.br\/canto\/wp-json\/wp\/v2\/pages\/3\/revisions\/15"}],"wp:attachment":[{"href":"https:\/\/1001razoes.com.br\/canto\/wp-json\/wp\/v2\/media?parent=3"}],"curies":[{"name":"wp","href":"https:\/\/api.w.org\/{rel}","templated":true}]}}