{"id":60,"date":"2019-07-26T10:33:52","date_gmt":"2019-07-26T10:33:52","guid":{"rendered":"https:\/\/demosites.io\/amadeus\/?page_id=6"},"modified":"2020-10-25T16:15:10","modified_gmt":"2020-10-25T16:15:10","slug":"contato","status":"publish","type":"page","link":"https:\/\/1001razoes.com.br\/canto\/contato\/","title":{"rendered":"Contato"},"content":{"rendered":"\t\t<div data-elementor-type=\"wp-post\" data-elementor-id=\"60\" class=\"elementor elementor-60\">\n\t\t\t\t\t\t<section class=\"elementor-section elementor-top-section elementor-element elementor-element-a64abd7 elementor-section-boxed elementor-section-height-default elementor-section-height-default\" data-id=\"a64abd7\" data-element_type=\"section\" data-settings=\"{&quot;background_background&quot;:&quot;classic&quot;}\">\n\t\t\t\t\t\t<div class=\"elementor-container elementor-column-gap-default\">\n\t\t\t\t\t<div class=\"elementor-column elementor-col-100 elementor-top-column elementor-element elementor-element-d7e41c7\" data-id=\"d7e41c7\" data-element_type=\"column\">\n\t\t\t<div class=\"elementor-widget-wrap\">\n\t\t\t\t\t\t\t<\/div>\n\t\t<\/div>\n\t\t\t\t\t<\/div>\n\t\t<\/section>\n\t\t\t\t<section class=\"elementor-section elementor-top-section elementor-element elementor-element-53573f4d elementor-section-boxed elementor-section-height-default elementor-section-height-default\" data-id=\"53573f4d\" data-element_type=\"section\" data-settings=\"{&quot;background_background&quot;:&quot;classic&quot;}\">\n\t\t\t\t\t\t<div class=\"elementor-container elementor-column-gap-no\">\n\t\t\t\t\t<div class=\"elementor-column elementor-col-50 elementor-top-column elementor-element elementor-element-18b445db\" data-id=\"18b445db\" data-element_type=\"column\">\n\t\t\t<div class=\"elementor-widget-wrap elementor-element-populated\">\n\t\t\t\t\t\t<div class=\"elementor-element elementor-element-68f2077b elementor-widget elementor-widget-heading\" data-id=\"68f2077b\" data-element_type=\"widget\" data-widget_type=\"heading.default\">\n\t\t\t\t<div class=\"elementor-widget-container\">\n\t\t\t\t\t<h2 class=\"elementor-heading-title elementor-size-default\">Fala Conosco<\/h2>\t\t\t\t<\/div>\n\t\t\t\t<\/div>\n\t\t\t\t<div class=\"elementor-element elementor-element-6b53724 elementor-widget elementor-widget-shortcode\" data-id=\"6b53724\" data-element_type=\"widget\" data-widget_type=\"shortcode.default\">\n\t\t\t\t<div class=\"elementor-widget-container\">\n\t\t\t\t\t\t\t<div class=\"elementor-shortcode\">\n<div class=\"wpcf7 no-js\" id=\"wpcf7-f5-o1\" lang=\"pt-BR\" dir=\"ltr\" data-wpcf7-id=\"5\">\n<div class=\"screen-reader-response\"><p role=\"status\" aria-live=\"polite\" aria-atomic=\"true\"><\/p> <ul><\/ul><\/div>\n<form action=\"\/canto\/wp-json\/wp\/v2\/pages\/60#wpcf7-f5-o1\" method=\"post\" class=\"wpcf7-form init\" aria-label=\"Formul\u00e1rios de contato\" novalidate=\"novalidate\" data-status=\"init\">\n<div style=\"display: none;\">\n<input type=\"hidden\" name=\"_wpcf7\" value=\"5\" \/>\n<input type=\"hidden\" name=\"_wpcf7_version\" value=\"6.0.6\" \/>\n<input type=\"hidden\" name=\"_wpcf7_locale\" value=\"pt_BR\" \/>\n<input type=\"hidden\" name=\"_wpcf7_unit_tag\" value=\"wpcf7-f5-o1\" \/>\n<input type=\"hidden\" name=\"_wpcf7_container_post\" value=\"0\" \/>\n<input type=\"hidden\" name=\"_wpcf7_posted_data_hash\" value=\"\" \/>\n<\/div>\n<p><label> Nome<br \/>\n<span class=\"wpcf7-form-control-wrap\" data-name=\"your-name\"><input size=\"40\" maxlength=\"400\" class=\"wpcf7-form-control wpcf7-text wpcf7-validates-as-required\" aria-required=\"true\" aria-invalid=\"false\" value=\"\" type=\"text\" name=\"your-name\" \/><\/span> <\/label>\n<\/p>\n<p><label> Email<br \/>\n<span class=\"wpcf7-form-control-wrap\" data-name=\"your-email\"><input size=\"40\" maxlength=\"400\" class=\"wpcf7-form-control wpcf7-email wpcf7-validates-as-required wpcf7-text wpcf7-validates-as-email\" aria-required=\"true\" aria-invalid=\"false\" value=\"\" type=\"email\" name=\"your-email\" \/><\/span> <\/label>\n<\/p>\n<p><label> Assunto<br \/>\n<span class=\"wpcf7-form-control-wrap\" data-name=\"your-subject\"><input size=\"40\" maxlength=\"400\" class=\"wpcf7-form-control wpcf7-text wpcf7-validates-as-required\" aria-required=\"true\" aria-invalid=\"false\" value=\"\" type=\"text\" name=\"your-subject\" \/><\/span> <\/label>\n<\/p>\n<p><label> Mensagem<br \/>\n<span class=\"wpcf7-form-control-wrap\" data-name=\"your-message\"><textarea cols=\"40\" rows=\"10\" maxlength=\"2000\" class=\"wpcf7-form-control wpcf7-textarea\" aria-invalid=\"false\" name=\"your-message\"><\/textarea><\/span> <\/label>\n<\/p>\n<p><input class=\"wpcf7-form-control wpcf7-submit has-spinner\" type=\"submit\" value=\"Enviar\" \/>\n<\/p><div class=\"wpcf7-response-output\" aria-hidden=\"true\"><\/div>\n<\/form>\n<\/div>\n<\/div>\n\t\t\t\t\t\t<\/div>\n\t\t\t\t<\/div>\n\t\t\t\t\t<\/div>\n\t\t<\/div>\n\t\t\t\t<div class=\"elementor-column elementor-col-50 elementor-top-column elementor-element elementor-element-101aff19\" data-id=\"101aff19\" data-element_type=\"column\">\n\t\t\t<div class=\"elementor-widget-wrap elementor-element-populated\">\n\t\t\t\t\t\t<div class=\"elementor-element elementor-element-39591d9c elementor-widget elementor-widget-heading\" data-id=\"39591d9c\" data-element_type=\"widget\" data-widget_type=\"heading.default\">\n\t\t\t\t<div class=\"elementor-widget-container\">\n\t\t\t\t\t<h2 class=\"elementor-heading-title elementor-size-default\">Contato<\/h2>\t\t\t\t<\/div>\n\t\t\t\t<\/div>\n\t\t\t\t<div class=\"elementor-element elementor-element-19bfa328 elementor-widget elementor-widget-image\" data-id=\"19bfa328\" data-element_type=\"widget\" data-widget_type=\"image.default\">\n\t\t\t\t<div class=\"elementor-widget-container\">\n\t\t\t\t\t\t\t\t\t\t\t\t\t\t\t<img fetchpriority=\"high\" decoding=\"async\" width=\"1024\" height=\"683\" src=\"https:\/\/1001razoes.com.br\/canto\/wp-content\/uploads\/2020\/10\/Contato-1024x683.jpg\" class=\"attachment-large size-large wp-image-133\" alt=\"\" srcset=\"https:\/\/1001razoes.com.br\/canto\/wp-content\/uploads\/2020\/10\/Contato-1024x683.jpg 1024w, https:\/\/1001razoes.com.br\/canto\/wp-content\/uploads\/2020\/10\/Contato-300x200.jpg 300w, https:\/\/1001razoes.com.br\/canto\/wp-content\/uploads\/2020\/10\/Contato-768x512.jpg 768w, https:\/\/1001razoes.com.br\/canto\/wp-content\/uploads\/2020\/10\/Contato-1536x1024.jpg 1536w, https:\/\/1001razoes.com.br\/canto\/wp-content\/uploads\/2020\/10\/Contato-2048x1365.jpg 2048w, https:\/\/1001razoes.com.br\/canto\/wp-content\/uploads\/2020\/10\/Contato-1200x800.jpg 1200w, https:\/\/1001razoes.com.br\/canto\/wp-content\/uploads\/2020\/10\/Contato-930x620.jpg 930w\" sizes=\"(max-width: 1024px) 100vw, 1024px\" \/>\t\t\t\t\t\t\t\t\t\t\t\t\t\t\t<\/div>\n\t\t\t\t<\/div>\n\t\t\t\t<div class=\"elementor-element elementor-element-518b1b5c elementor-widget elementor-widget-text-editor\" data-id=\"518b1b5c\" data-element_type=\"widget\" data-widget_type=\"text-editor.default\">\n\t\t\t\t<div class=\"elementor-widget-container\">\n\t\t\t\t\t\t\t\t\t<p>D\u00favidas ou sugest\u00f5es fale comigo<\/p><p>Fabr\u00edcio Brito!<br \/>Whatsapp:+44 07930308480<br \/>Hor\u00e1rio: Seg-Sex 9:00 &#8211; 19:00<br \/>Morada: Liverpool, UK<br \/>Skype: @fabriciojsbrito<\/p>\t\t\t\t\t\t\t\t<\/div>\n\t\t\t\t<\/div>\n\t\t\t\t\t<\/div>\n\t\t<\/div>\n\t\t\t\t\t<\/div>\n\t\t<\/section>\n\t\t\t\t<section class=\"elementor-section elementor-top-section elementor-element elementor-element-7a97ef98 elementor-section-boxed elementor-section-height-default elementor-section-height-default\" data-id=\"7a97ef98\" data-element_type=\"section\">\n\t\t\t\t\t\t<div class=\"elementor-container elementor-column-gap-default\">\n\t\t\t\t\t<div class=\"elementor-column elementor-col-100 elementor-top-column elementor-element elementor-element-3af85d63\" data-id=\"3af85d63\" data-element_type=\"column\">\n\t\t\t<div class=\"elementor-widget-wrap elementor-element-populated\">\n\t\t\t\t\t\t<div class=\"elementor-element elementor-element-3eec45c0 elementor-widget elementor-widget-heading\" data-id=\"3eec45c0\" data-element_type=\"widget\" data-widget_type=\"heading.default\">\n\t\t\t\t<div class=\"elementor-widget-container\">\n\t\t\t\t\t<h2 class=\"elementor-heading-title elementor-size-default\">Onde estamos<\/h2>\t\t\t\t<\/div>\n\t\t\t\t<\/div>\n\t\t\t\t<div class=\"elementor-element elementor-element-3c199433 elementor-widget elementor-widget-google_maps\" data-id=\"3c199433\" data-element_type=\"widget\" data-widget_type=\"google_maps.default\">\n\t\t\t\t<div class=\"elementor-widget-container\">\n\t\t\t\t\t\t\t<div class=\"elementor-custom-embed\">\n\t\t\t<iframe loading=\"lazy\"\n\t\t\t\t\tsrc=\"https:\/\/maps.google.com\/maps?q=liverpool%2C%20uk&#038;t=m&#038;z=6&#038;output=embed&#038;iwloc=near\"\n\t\t\t\t\ttitle=\"liverpool, uk\"\n\t\t\t\t\taria-label=\"liverpool, uk\"\n\t\t\t><\/iframe>\n\t\t<\/div>\n\t\t\t\t\t\t<\/div>\n\t\t\t\t<\/div>\n\t\t\t\t\t<\/div>\n\t\t<\/div>\n\t\t\t\t\t<\/div>\n\t\t<\/section>\n\t\t\t\t<\/div>\n\t\t<!--CusAds0-->\n<div style=\"font-size: 0px; height: 0px; line-height: 0px; margin: 0; padding: 0; clear: both;\"><\/div>","protected":false},"excerpt":{"rendered":"<p>Fala Conosco Contato D\u00favidas ou sugest\u00f5es fale comigo Fabr\u00edcio Brito!Whatsapp:+44 07930308480Hor\u00e1rio: Seg-Sex 9:00 &#8211; 19:00Morada: Liverpool, UKSkype: @fabriciojsbrito Onde estamos<\/p>\n","protected":false},"author":1,"featured_media":0,"parent":0,"menu_order":0,"comment_status":"closed","ping_status":"closed","template":"page-templates\/template-pagebuilder-full-width.php","meta":{"neve_meta_sidebar":"","neve_meta_container":"","neve_meta_enable_content_width":"off","neve_meta_content_width":0,"neve_meta_title_alignment":"","neve_meta_author_avatar":"","neve_post_elements_order":"","neve_meta_disable_header":"","neve_meta_disable_footer":"","neve_meta_disable_title":"","_themeisle_gutenberg_block_has_review":false,"_ti_tpc_template_sync":false,"_ti_tpc_template_id":"","footnotes":""},"class_list":["post-60","page","type-page","status-publish","hentry"],"yoast_head":"<!-- This site is optimized with the Yoast SEO plugin v26.9 - https:\/\/yoast.com\/product\/yoast-seo-wordpress\/ -->\n<title>Contato - Canto<\/title>\n<meta name=\"robots\" content=\"index, follow, max-snippet:-1, max-image-preview:large, max-video-preview:-1\" \/>\n<link rel=\"canonical\" href=\"https:\/\/1001razoes.com.br\/canto\/contato\/\" \/>\n<meta property=\"og:locale\" content=\"pt_BR\" \/>\n<meta property=\"og:type\" content=\"article\" \/>\n<meta property=\"og:title\" content=\"Contato - Canto\" \/>\n<meta property=\"og:description\" content=\"Fala Conosco Contato D\u00favidas ou sugest\u00f5es fale comigo Fabr\u00edcio Brito!Whatsapp:+44 07930308480Hor\u00e1rio: Seg-Sex 9:00 &#8211; 19:00Morada: Liverpool, UKSkype: @fabriciojsbrito Onde estamos\" \/>\n<meta property=\"og:url\" content=\"https:\/\/1001razoes.com.br\/canto\/contato\/\" \/>\n<meta property=\"og:site_name\" content=\"Canto\" \/>\n<meta property=\"article:modified_time\" content=\"2020-10-25T16:15:10+00:00\" \/>\n<meta property=\"og:image\" content=\"https:\/\/1001razoes.com.br\/canto\/wp-content\/uploads\/2020\/10\/Contato-1024x683.jpg\" \/>\n<meta name=\"twitter:card\" content=\"summary_large_image\" \/>\n<script type=\"application\/ld+json\" class=\"yoast-schema-graph\">{\"@context\":\"https:\/\/schema.org\",\"@graph\":[{\"@type\":\"WebPage\",\"@id\":\"https:\/\/1001razoes.com.br\/canto\/contato\/\",\"url\":\"https:\/\/1001razoes.com.br\/canto\/contato\/\",\"name\":\"Contato - Canto\",\"isPartOf\":{\"@id\":\"https:\/\/1001razoes.com.br\/canto\/#website\"},\"primaryImageOfPage\":{\"@id\":\"https:\/\/1001razoes.com.br\/canto\/contato\/#primaryimage\"},\"image\":{\"@id\":\"https:\/\/1001razoes.com.br\/canto\/contato\/#primaryimage\"},\"thumbnailUrl\":\"https:\/\/1001razoes.com.br\/canto\/wp-content\/uploads\/2020\/10\/Contato-1024x683.jpg\",\"datePublished\":\"2019-07-26T10:33:52+00:00\",\"dateModified\":\"2020-10-25T16:15:10+00:00\",\"breadcrumb\":{\"@id\":\"https:\/\/1001razoes.com.br\/canto\/contato\/#breadcrumb\"},\"inLanguage\":\"pt-BR\",\"potentialAction\":[{\"@type\":\"ReadAction\",\"target\":[\"https:\/\/1001razoes.com.br\/canto\/contato\/\"]}]},{\"@type\":\"ImageObject\",\"inLanguage\":\"pt-BR\",\"@id\":\"https:\/\/1001razoes.com.br\/canto\/contato\/#primaryimage\",\"url\":\"https:\/\/1001razoes.com.br\/canto\/wp-content\/uploads\/2020\/10\/Contato-1024x683.jpg\",\"contentUrl\":\"https:\/\/1001razoes.com.br\/canto\/wp-content\/uploads\/2020\/10\/Contato-1024x683.jpg\"},{\"@type\":\"BreadcrumbList\",\"@id\":\"https:\/\/1001razoes.com.br\/canto\/contato\/#breadcrumb\",\"itemListElement\":[{\"@type\":\"ListItem\",\"position\":1,\"name\":\"In\u00edcio\",\"item\":\"https:\/\/1001razoes.com.br\/canto\/\"},{\"@type\":\"ListItem\",\"position\":2,\"name\":\"Contato\"}]},{\"@type\":\"WebSite\",\"@id\":\"https:\/\/1001razoes.com.br\/canto\/#website\",\"url\":\"https:\/\/1001razoes.com.br\/canto\/\",\"name\":\"Canto\",\"description\":\"Para quem ama cantar\",\"publisher\":{\"@id\":\"https:\/\/1001razoes.com.br\/canto\/#organization\"},\"potentialAction\":[{\"@type\":\"SearchAction\",\"target\":{\"@type\":\"EntryPoint\",\"urlTemplate\":\"https:\/\/1001razoes.com.br\/canto\/?s={search_term_string}\"},\"query-input\":{\"@type\":\"PropertyValueSpecification\",\"valueRequired\":true,\"valueName\":\"search_term_string\"}}],\"inLanguage\":\"pt-BR\"},{\"@type\":\"Organization\",\"@id\":\"https:\/\/1001razoes.com.br\/canto\/#organization\",\"name\":\"Canto\",\"url\":\"https:\/\/1001razoes.com.br\/canto\/\",\"logo\":{\"@type\":\"ImageObject\",\"inLanguage\":\"pt-BR\",\"@id\":\"https:\/\/1001razoes.com.br\/canto\/#\/schema\/logo\/image\/\",\"url\":\"https:\/\/1001razoes.com.br\/canto\/wp-content\/uploads\/2020\/10\/Titulo-site2.png\",\"contentUrl\":\"https:\/\/1001razoes.com.br\/canto\/wp-content\/uploads\/2020\/10\/Titulo-site2.png\",\"width\":350,\"height\":90,\"caption\":\"Canto\"},\"image\":{\"@id\":\"https:\/\/1001razoes.com.br\/canto\/#\/schema\/logo\/image\/\"}}]}<\/script>\n<!-- \/ Yoast SEO plugin. -->","yoast_head_json":{"title":"Contato - Canto","robots":{"index":"index","follow":"follow","max-snippet":"max-snippet:-1","max-image-preview":"max-image-preview:large","max-video-preview":"max-video-preview:-1"},"canonical":"https:\/\/1001razoes.com.br\/canto\/contato\/","og_locale":"pt_BR","og_type":"article","og_title":"Contato - Canto","og_description":"Fala Conosco Contato D\u00favidas ou sugest\u00f5es fale comigo Fabr\u00edcio Brito!Whatsapp:+44 07930308480Hor\u00e1rio: Seg-Sex 9:00 &#8211; 19:00Morada: Liverpool, UKSkype: @fabriciojsbrito Onde estamos","og_url":"https:\/\/1001razoes.com.br\/canto\/contato\/","og_site_name":"Canto","article_modified_time":"2020-10-25T16:15:10+00:00","og_image":[{"url":"https:\/\/1001razoes.com.br\/canto\/wp-content\/uploads\/2020\/10\/Contato-1024x683.jpg","type":"","width":"","height":""}],"twitter_card":"summary_large_image","schema":{"@context":"https:\/\/schema.org","@graph":[{"@type":"WebPage","@id":"https:\/\/1001razoes.com.br\/canto\/contato\/","url":"https:\/\/1001razoes.com.br\/canto\/contato\/","name":"Contato - Canto","isPartOf":{"@id":"https:\/\/1001razoes.com.br\/canto\/#website"},"primaryImageOfPage":{"@id":"https:\/\/1001razoes.com.br\/canto\/contato\/#primaryimage"},"image":{"@id":"https:\/\/1001razoes.com.br\/canto\/contato\/#primaryimage"},"thumbnailUrl":"https:\/\/1001razoes.com.br\/canto\/wp-content\/uploads\/2020\/10\/Contato-1024x683.jpg","datePublished":"2019-07-26T10:33:52+00:00","dateModified":"2020-10-25T16:15:10+00:00","breadcrumb":{"@id":"https:\/\/1001razoes.com.br\/canto\/contato\/#breadcrumb"},"inLanguage":"pt-BR","potentialAction":[{"@type":"ReadAction","target":["https:\/\/1001razoes.com.br\/canto\/contato\/"]}]},{"@type":"ImageObject","inLanguage":"pt-BR","@id":"https:\/\/1001razoes.com.br\/canto\/contato\/#primaryimage","url":"https:\/\/1001razoes.com.br\/canto\/wp-content\/uploads\/2020\/10\/Contato-1024x683.jpg","contentUrl":"https:\/\/1001razoes.com.br\/canto\/wp-content\/uploads\/2020\/10\/Contato-1024x683.jpg"},{"@type":"BreadcrumbList","@id":"https:\/\/1001razoes.com.br\/canto\/contato\/#breadcrumb","itemListElement":[{"@type":"ListItem","position":1,"name":"In\u00edcio","item":"https:\/\/1001razoes.com.br\/canto\/"},{"@type":"ListItem","position":2,"name":"Contato"}]},{"@type":"WebSite","@id":"https:\/\/1001razoes.com.br\/canto\/#website","url":"https:\/\/1001razoes.com.br\/canto\/","name":"Canto","description":"Para quem ama cantar","publisher":{"@id":"https:\/\/1001razoes.com.br\/canto\/#organization"},"potentialAction":[{"@type":"SearchAction","target":{"@type":"EntryPoint","urlTemplate":"https:\/\/1001razoes.com.br\/canto\/?s={search_term_string}"},"query-input":{"@type":"PropertyValueSpecification","valueRequired":true,"valueName":"search_term_string"}}],"inLanguage":"pt-BR"},{"@type":"Organization","@id":"https:\/\/1001razoes.com.br\/canto\/#organization","name":"Canto","url":"https:\/\/1001razoes.com.br\/canto\/","logo":{"@type":"ImageObject","inLanguage":"pt-BR","@id":"https:\/\/1001razoes.com.br\/canto\/#\/schema\/logo\/image\/","url":"https:\/\/1001razoes.com.br\/canto\/wp-content\/uploads\/2020\/10\/Titulo-site2.png","contentUrl":"https:\/\/1001razoes.com.br\/canto\/wp-content\/uploads\/2020\/10\/Titulo-site2.png","width":350,"height":90,"caption":"Canto"},"image":{"@id":"https:\/\/1001razoes.com.br\/canto\/#\/schema\/logo\/image\/"}}]}},"_links":{"self":[{"href":"https:\/\/1001razoes.com.br\/canto\/wp-json\/wp\/v2\/pages\/60","targetHints":{"allow":["GET"]}}],"collection":[{"href":"https:\/\/1001razoes.com.br\/canto\/wp-json\/wp\/v2\/pages"}],"about":[{"href":"https:\/\/1001razoes.com.br\/canto\/wp-json\/wp\/v2\/types\/page"}],"author":[{"embeddable":true,"href":"https:\/\/1001razoes.com.br\/canto\/wp-json\/wp\/v2\/users\/1"}],"replies":[{"embeddable":true,"href":"https:\/\/1001razoes.com.br\/canto\/wp-json\/wp\/v2\/comments?post=60"}],"version-history":[{"count":7,"href":"https:\/\/1001razoes.com.br\/canto\/wp-json\/wp\/v2\/pages\/60\/revisions"}],"predecessor-version":[{"id":207,"href":"https:\/\/1001razoes.com.br\/canto\/wp-json\/wp\/v2\/pages\/60\/revisions\/207"}],"wp:attachment":[{"href":"https:\/\/1001razoes.com.br\/canto\/wp-json\/wp\/v2\/media?parent=60"}],"curies":[{"name":"wp","href":"https:\/\/api.w.org\/{rel}","templated":true}]}}