{"id":64,"date":"2019-07-29T06:00:06","date_gmt":"2019-07-29T06:00:06","guid":{"rendered":"https:\/\/demosites.io\/amadeus\/?page_id=15"},"modified":"2020-10-25T08:51:02","modified_gmt":"2020-10-25T08:51:02","slug":"sobre-mim","status":"publish","type":"page","link":"https:\/\/1001razoes.com.br\/canto\/sobre-mim\/","title":{"rendered":"Sobre mim"},"content":{"rendered":"\t\t<div data-elementor-type=\"wp-post\" data-elementor-id=\"64\" class=\"elementor elementor-64\">\n\t\t\t\t\t\t<section class=\"elementor-section elementor-top-section elementor-element elementor-element-c1b7eac elementor-section-boxed elementor-section-height-default elementor-section-height-default\" data-id=\"c1b7eac\" data-element_type=\"section\" data-settings=\"{&quot;background_background&quot;:&quot;classic&quot;}\">\n\t\t\t\t\t\t\t<div class=\"elementor-background-overlay\"><\/div>\n\t\t\t\t\t\t\t<div class=\"elementor-container elementor-column-gap-default\">\n\t\t\t\t\t<div class=\"elementor-column elementor-col-100 elementor-top-column elementor-element elementor-element-9674e48\" data-id=\"9674e48\" data-element_type=\"column\" data-settings=\"{&quot;background_background&quot;:&quot;classic&quot;}\">\n\t\t\t<div class=\"elementor-widget-wrap elementor-element-populated\">\n\t\t\t\t\t\t<section class=\"elementor-section elementor-inner-section elementor-element elementor-element-f10d694 elementor-section-boxed elementor-section-height-default elementor-section-height-default\" data-id=\"f10d694\" data-element_type=\"section\">\n\t\t\t\t\t\t<div class=\"elementor-container elementor-column-gap-default\">\n\t\t\t\t\t<div class=\"elementor-column elementor-col-100 elementor-inner-column elementor-element elementor-element-427a8e4\" data-id=\"427a8e4\" data-element_type=\"column\">\n\t\t\t<div class=\"elementor-widget-wrap elementor-element-populated\">\n\t\t\t\t\t\t<div class=\"elementor-element elementor-element-e72ae8b elementor-widget elementor-widget-heading\" data-id=\"e72ae8b\" data-element_type=\"widget\" data-widget_type=\"heading.default\">\n\t\t\t\t<div class=\"elementor-widget-container\">\n\t\t\t\t\t<h1 class=\"elementor-heading-title elementor-size-default\">Sobre mim<\/h1>\t\t\t\t<\/div>\n\t\t\t\t<\/div>\n\t\t\t\t\t<\/div>\n\t\t<\/div>\n\t\t\t\t\t<\/div>\n\t\t<\/section>\n\t\t\t\t\t<\/div>\n\t\t<\/div>\n\t\t\t\t\t<\/div>\n\t\t<\/section>\n\t\t\t\t<section class=\"elementor-section elementor-top-section elementor-element elementor-element-4f612dd elementor-section-boxed elementor-section-height-default elementor-section-height-default\" data-id=\"4f612dd\" data-element_type=\"section\" data-settings=\"{&quot;background_background&quot;:&quot;classic&quot;}\">\n\t\t\t\t\t\t<div class=\"elementor-container elementor-column-gap-default\">\n\t\t\t\t\t<div class=\"elementor-column elementor-col-100 elementor-top-column elementor-element elementor-element-b97592b\" data-id=\"b97592b\" data-element_type=\"column\">\n\t\t\t<div class=\"elementor-widget-wrap elementor-element-populated\">\n\t\t\t\t\t\t<section class=\"elementor-section elementor-inner-section elementor-element elementor-element-2cb5abb elementor-section-boxed elementor-section-height-default elementor-section-height-default\" data-id=\"2cb5abb\" data-element_type=\"section\">\n\t\t\t\t\t\t<div class=\"elementor-container elementor-column-gap-default\">\n\t\t\t\t\t<div class=\"elementor-column elementor-col-100 elementor-inner-column elementor-element elementor-element-4ae9e1b\" data-id=\"4ae9e1b\" data-element_type=\"column\">\n\t\t\t<div class=\"elementor-widget-wrap elementor-element-populated\">\n\t\t\t\t\t\t<div class=\"elementor-element elementor-element-52109e7 elementor-widget elementor-widget-heading\" data-id=\"52109e7\" data-element_type=\"widget\" data-widget_type=\"heading.default\">\n\t\t\t\t<div class=\"elementor-widget-container\">\n\t\t\t\t\t<span class=\"elementor-heading-title elementor-size-default\">Eu e minha hist\u00f3ria no canto<\/span>\t\t\t\t<\/div>\n\t\t\t\t<\/div>\n\t\t\t\t<div class=\"elementor-element elementor-element-05022fa elementor-widget elementor-widget-text-editor\" data-id=\"05022fa\" data-element_type=\"widget\" data-widget_type=\"text-editor.default\">\n\t\t\t\t<div class=\"elementor-widget-container\">\n\t\t\t\t\t\t\t\t\t<p>Como eu menciono no in\u00edcio do site, eu sou graduado em Musicoterapia pela UFG (2006), mas estudo m\u00fasica desde os meus 11 anos de idade.<\/p>\n<p>Meu nome \u00e9 Fabr\u00edcio Brito, nasci e fui criado em Goi\u00e2nia. Na verdade vivi em Goi\u00e2nia at\u00e9 a idade adulta.<\/p>\n<p>Desde crian\u00e7a havia dentro de mim uma paix\u00e3o pela m\u00fasica. Gostava de cantar e ouvir os discos de vinis de m\u00fasica cl\u00e1ssica.&nbsp;<\/p>\n<p>Aos 6 anos de idade minha tia me levou a uma igreja evang\u00e9lica. Foi ali o meu primeiro contato com uma banda de m\u00fasica. At\u00e9 ent\u00e3o nunca tinha visto de perto algu\u00e9m tocar um piano, guitarra, contrabaixo, viol\u00e3o, \u00f3rg\u00e3o e bateria. Tudo era incr\u00edvel.<\/p>\n<p>Depois que a banda tocava o coral era convidado para fazer uma apresenta\u00e7\u00e3o com acompanhamento da pianista.<\/p>\n<p>N\u00e3o demorou muito e logo descobri os dias de ensaio do coral e da banda. E aos 8 anos eu n\u00e3o perdia nenhum ensaio do coral \u00e0s sextas-feira.&nbsp;<\/p>\n<p>Como eu era de uma fam\u00edlia de situa\u00e7\u00e3o financeira muito prec\u00e1ria, naquele momento estudar m\u00fasica era algo muito longe da minha realidade.<span style=\"font-size: 1.1em;\">&nbsp;<\/span><br><\/p>\n<p><span style=\"font-size: 1.1em;\">Os anos se passaram e quando j\u00e1 estava com quase 11 anos meu pai comprou um teclado para ele. Tentou aprender, mas n\u00e3o conseguiu ent\u00e3o pra n\u00e3o perder o dinheiro investido a chance de ter aulas de m\u00fasica passou para mim.<\/span><\/p>\n<p><span style=\"font-size: 1.1em;\">Minha m\u00e3e e minha av\u00f3 decidiram investir em aulas de m\u00fasica para mim.<\/span><\/p>\n<p><span style=\"font-size: 1.1em;\">N\u00e3o demorou muito e eu j\u00e1 estava me destacando nas aulas, mas novamente o dinheiro acabou.&nbsp;<\/span><\/p>\n<p><span style=\"font-size: 1.1em;\">Como o primeiro passo j\u00e1 havia sido dado (conhecer o instrumento e as notas musicais) decidi encarar o desafio de estudar sozinho.&nbsp;<\/span><\/p>\n<p><span style=\"font-size: 1.1em;\">N\u00e3o trabalhava ainda ent\u00e3o aproveitava parte do dia para ir \u00e0 igreja e estudar no piano.<\/span><\/p>\n<p><span style=\"font-size: 19.36px;\">Um ano depois eu estava tocando no grupo de m\u00fasica da igreja.<\/span><\/p>\n<p><span style=\"font-size: 19.36px;\">Numa conversa com os amigos descobri que havia uma escola de m\u00fasica gratu\u00edta. Era o Conservat\u00f3rio de M\u00fasica da cidade de Goi\u00e2nia. Um projeto que fazia parte da Universidade Federal de Goi\u00e1s.<\/span><\/p>\n<p><span style=\"font-size: 19.36px;\">Para entrar no Conservat\u00f3rio de M\u00fasica era necess\u00e1rio passar por uma prova de m\u00fasica que envolvia Teoria Musical, Solfejo, Ditado R\u00edtmico e Ditado Mel\u00f3dico.&nbsp;<\/span><\/p>\n<p><span style=\"font-size: 19.36px;\">Para garotos na minha idade a prova era para o 1\u00ba ano de leitura e o preparo exigia de 1 a 2 anos de aulas particulares.<\/span><\/p>\n<p><span style=\"font-size: 19.36px;\">Peguei toda a programa\u00e7\u00e3o e comecei a estudar e o desafio estava em solfejar as partituras.<\/span><\/p>\n<p><span style=\"font-size: 19.36px;\"><b>Aqui come\u00e7a minha saga no canto.<\/b><\/span><\/p>\n<p><span style=\"font-size: 19.36px;\">Eu estava na mudan\u00e7a de voz. Era muito estranho eu abrir a boca para falar, pior ainda seria cantar. Quando eu falava era uma mistura de voz &#8220;fanhosa&#8221; com voz de menino e de adulto.&nbsp;<\/span><\/p>\n<p><span style=\"font-size: 19.36px;\">Minha voz que era muito aguda simplesmente recusava ser ela mesma. Quando abria a boca parecia a grasna de um pato misturado com voz humana.&nbsp;<\/span><\/p>\n<p><span style=\"font-size: 19.36px;\">Nessa \u00e9poca a situa\u00e7\u00e3o estava t\u00e3o s\u00e9ria que minha av\u00f3 at\u00e9 colocou meu nome no grupo de ora\u00e7\u00e3o das mulheres.<\/span><\/p><p><span style=\"font-size: 19.36px;\">Realmente a situa\u00e7\u00e3o era feia.&nbsp;<\/span><\/p><p><span style=\"font-size: 19.36px;\">Novamente minha av\u00f3 decidiu ajudar meus pais a pagar para mim algumas aulas de canto para aprender a solfejar.<\/span><\/p><p><span style=\"font-size: 19.36px;\">O professor era excelente; um po\u00e7o de paci\u00eancia. Indicado por muitos como o melhor da cidade, tanto que ele fazia parte do grupo de professores do curso superior de m\u00fasica.<\/span><\/p><p><span style=\"font-size: 19.36px;\">Vou ser honesto com voc\u00ea. O homem tentou de tudo para melhorar minha voz. Fazia desenhos no quadro, tocava o piano, o viol\u00e3o, mudava a voz e durante 2 meses o que ele conseguiu foi fazer eu cantar 6 notas (d\u00f3 \u00e0 l\u00e1).<\/span><\/p><p><span style=\"font-size: 19.36px;\">No final ele chegou a conclus\u00e3o que eu devia fazer outra coisa. Ficar apenas no instrumento e esquecer o canto.<\/span><\/p><p><span style=\"font-size: 19.36px;\">Sa\u00ed da aula revoltado com ele. Quem era ele para decidir se devo ou n\u00e3o ser m\u00fasico?<\/span><\/p><p><span style=\"font-size: 19.36px;\">Na minha mente eu tinha certeza que ele era um p\u00e9ssimo professor. Era igual a primeira professora de \u00f3rg\u00e3o que disse que eu n\u00e3o tinha talento (essa \u00e9 outra hist\u00f3ria que conto depois).<\/span><\/p><p><span style=\"font-size: 19.36px;\">Ent\u00e3o decidi fazer como antes: estudar sozinho.<\/span><\/p><p><span style=\"font-size: 19.36px;\">Foram 3 meses de muito estudo onde minha meta era conseguir cantar a escala de d\u00f3 maior inteira. Partindo do l\u00e1 grave at\u00e9 o r\u00e9 agudo.&nbsp;<\/span><\/p><p><span style=\"font-size: 19.36px;\">Para encurtar a hist\u00f3ria fiz o teste.<\/span><\/p><p><span style=\"font-size: 19.36px;\">Passei com notas boas no Ditado mel\u00f3dico, na teoria e no ditado r\u00edtmico. No solfejo consegui tirar uma nota bem abaixo da m\u00e9dia, mas somado as outras notas deu para alcan\u00e7ar a m\u00e9dia de aprova\u00e7\u00e3o.&nbsp;<\/span><\/p><p><span style=\"font-size: 19.36px;\">O melhor dessa somat\u00f3ria era que eu n\u00e3o poderia &#8220;zerar&#8221; no solfejo. N\u00e3o me lembro exatamente a nota que tirei, mas foi em torno de 3 pontos numa escala de 0-10. Pelo menos n\u00e3o zerei e entrei no conservat\u00f3rio.<\/span><\/p><p><span style=\"font-size: 19.36px;\">Cantar sempre foi um desafio na minha forma\u00e7\u00e3o musical, mas a voz se firmou. Com certeza as ora\u00e7\u00f5es fizeram efeito.<\/span><\/p><p><span style=\"font-size: 19.36px;\">Estudei m\u00fasica por toda minha adolesc\u00eancia e aos 18 anos o desafio de ensinar m\u00fasicas e ajudar outros a cantar fez de mim um excelente professor e aperfei\u00e7oou ainda mais o dom musical.<\/span><\/p><p><span style=\"font-size: 19.36px;\">Saber que sa\u00ed da lista dos piores alunos de m\u00fasica para o primeiro aluno do conservat\u00f3rio e posteriormente um dos melhores alunos da faculdade de m\u00fasica me ensinou a ver que qualquer pessoa que deseje muito aprender m\u00fasica vai conseguir.<\/span><\/p><p><span style=\"font-size: 19.36px;\">Sempre que encontro um aluno ou aluna que tem muita dificuldade em perceber as notas musicais e cantar afinado(a) eu lembro de mim e isso me ajuda a procurar meios de resolver esse problema.<\/span><\/p><p><span style=\"font-size: 19.36px;\">Foi essa conduta que fez de mim um bom professor e o maior pr\u00eamio da minha vida foi ver pessoas felizes e agradecidas por ter encontrado algu\u00e9m que acreditava no talento delas.<\/span><\/p><p><span style=\"font-size: 19.36px;\">O que posso dizer a voc\u00ea \u00e9 que somos como sementes. Alguns tem a casca mais fina do que outros, mas todos temos um vida dentro de n\u00f3s para ser liberada.<\/span><\/p><p><span style=\"font-size: 19.36px;\">Algumas sementes demoram mais para brotar, mas se receber o adubo certo, \u00e1gua e uma boa terra, SEM D\u00daVIDA ALGUMA ela ir\u00e1 brotar.<\/span><\/p><p><span style=\"font-size: 19.36px;\">Pense nisso e n\u00e3o desista.<\/span><\/p><p><span style=\"font-size: 19.36px;\">Se eu consegui voc\u00ea tamb\u00e9m conseguir\u00e1.<\/span><\/p><p><span style=\"font-size: 19.36px;\">Sucesso e bons estudos.<\/span><\/p>\n<p><\/p>\t\t\t\t\t\t\t\t<\/div>\n\t\t\t\t<\/div>\n\t\t\t\t\t<\/div>\n\t\t<\/div>\n\t\t\t\t\t<\/div>\n\t\t<\/section>\n\t\t\t\t\t<\/div>\n\t\t<\/div>\n\t\t\t\t\t<\/div>\n\t\t<\/section>\n\t\t\t\t<section class=\"elementor-section elementor-top-section elementor-element elementor-element-8ac9baf elementor-section-boxed elementor-section-height-default elementor-section-height-default\" data-id=\"8ac9baf\" data-element_type=\"section\" data-settings=\"{&quot;background_background&quot;:&quot;classic&quot;}\">\n\t\t\t\t\t\t<div class=\"elementor-container elementor-column-gap-default\">\n\t\t\t\t\t<div class=\"elementor-column elementor-col-100 elementor-top-column elementor-element elementor-element-871dfdf\" data-id=\"871dfdf\" data-element_type=\"column\">\n\t\t\t<div class=\"elementor-widget-wrap elementor-element-populated\">\n\t\t\t\t\t\t<section class=\"elementor-section elementor-inner-section elementor-element elementor-element-15f63c3 elementor-section-boxed elementor-section-height-default elementor-section-height-default\" data-id=\"15f63c3\" data-element_type=\"section\">\n\t\t\t\t\t\t<div class=\"elementor-container elementor-column-gap-default\">\n\t\t\t\t\t<div class=\"elementor-column elementor-col-33 elementor-inner-column elementor-element elementor-element-30b8854\" data-id=\"30b8854\" data-element_type=\"column\">\n\t\t\t<div class=\"elementor-widget-wrap elementor-element-populated\">\n\t\t\t\t\t\t<div class=\"elementor-element elementor-element-6daffc9 elementor-widget elementor-widget-counter\" data-id=\"6daffc9\" data-element_type=\"widget\" data-widget_type=\"counter.default\">\n\t\t\t\t<div class=\"elementor-widget-container\">\n\t\t\t\t\t\t\t<div class=\"elementor-counter\">\n\t\t\t<div class=\"elementor-counter-title\">Alunos de canto<\/div>\t\t\t<div class=\"elementor-counter-number-wrapper\">\n\t\t\t\t<span class=\"elementor-counter-number-prefix\"><\/span>\n\t\t\t\t<span class=\"elementor-counter-number\" data-duration=\"2000\" data-to-value=\"2000\" data-from-value=\"1300\" data-delimiter=\",\">1300<\/span>\n\t\t\t\t<span class=\"elementor-counter-number-suffix\">+<\/span>\n\t\t\t<\/div>\n\t\t<\/div>\n\t\t\t\t\t\t<\/div>\n\t\t\t\t<\/div>\n\t\t\t\t\t<\/div>\n\t\t<\/div>\n\t\t\t\t<div class=\"elementor-column elementor-col-33 elementor-inner-column elementor-element elementor-element-d853e30\" data-id=\"d853e30\" data-element_type=\"column\">\n\t\t\t<div class=\"elementor-widget-wrap elementor-element-populated\">\n\t\t\t\t\t\t<div class=\"elementor-element elementor-element-c3e3cee elementor-widget elementor-widget-counter\" data-id=\"c3e3cee\" data-element_type=\"widget\" data-widget_type=\"counter.default\">\n\t\t\t\t<div class=\"elementor-widget-container\">\n\t\t\t\t\t\t\t<div class=\"elementor-counter\">\n\t\t\t<div class=\"elementor-counter-title\">anos de experi\u00eancia<\/div>\t\t\t<div class=\"elementor-counter-number-wrapper\">\n\t\t\t\t<span class=\"elementor-counter-number-prefix\"><\/span>\n\t\t\t\t<span class=\"elementor-counter-number\" data-duration=\"2000\" data-to-value=\"25\" data-from-value=\"10\" data-delimiter=\",\">10<\/span>\n\t\t\t\t<span class=\"elementor-counter-number-suffix\"><\/span>\n\t\t\t<\/div>\n\t\t<\/div>\n\t\t\t\t\t\t<\/div>\n\t\t\t\t<\/div>\n\t\t\t\t\t<\/div>\n\t\t<\/div>\n\t\t\t\t<div class=\"elementor-column elementor-col-33 elementor-inner-column elementor-element elementor-element-c1ba65b\" data-id=\"c1ba65b\" data-element_type=\"column\">\n\t\t\t<div class=\"elementor-widget-wrap elementor-element-populated\">\n\t\t\t\t\t\t<div class=\"elementor-element elementor-element-ebd079d elementor-widget elementor-widget-counter\" data-id=\"ebd079d\" data-element_type=\"widget\" data-widget_type=\"counter.default\">\n\t\t\t\t<div class=\"elementor-widget-container\">\n\t\t\t\t\t\t\t<div class=\"elementor-counter\">\n\t\t\t<div class=\"elementor-counter-title\">Eventos<\/div>\t\t\t<div class=\"elementor-counter-number-wrapper\">\n\t\t\t\t<span class=\"elementor-counter-number-prefix\"><\/span>\n\t\t\t\t<span class=\"elementor-counter-number\" data-duration=\"2000\" data-to-value=\"236\" data-from-value=\"150\" data-delimiter=\",\">150<\/span>\n\t\t\t\t<span class=\"elementor-counter-number-suffix\">+<\/span>\n\t\t\t<\/div>\n\t\t<\/div>\n\t\t\t\t\t\t<\/div>\n\t\t\t\t<\/div>\n\t\t\t\t\t<\/div>\n\t\t<\/div>\n\t\t\t\t\t<\/div>\n\t\t<\/section>\n\t\t\t\t\t<\/div>\n\t\t<\/div>\n\t\t\t\t\t<\/div>\n\t\t<\/section>\n\t\t\t\t<section class=\"elementor-section elementor-top-section elementor-element elementor-element-8a33fec elementor-section-boxed elementor-section-height-default elementor-section-height-default\" data-id=\"8a33fec\" data-element_type=\"section\" data-settings=\"{&quot;background_background&quot;:&quot;classic&quot;}\">\n\t\t\t\t\t\t<div class=\"elementor-container elementor-column-gap-default\">\n\t\t\t\t\t<div class=\"elementor-column elementor-col-100 elementor-top-column elementor-element elementor-element-18d46bb\" data-id=\"18d46bb\" data-element_type=\"column\">\n\t\t\t<div class=\"elementor-widget-wrap elementor-element-populated\">\n\t\t\t\t\t\t<section class=\"elementor-section elementor-inner-section elementor-element elementor-element-492389b elementor-section-boxed elementor-section-height-default elementor-section-height-default\" data-id=\"492389b\" data-element_type=\"section\">\n\t\t\t\t\t\t<div class=\"elementor-container elementor-column-gap-default\">\n\t\t\t\t\t<div class=\"elementor-column elementor-col-100 elementor-inner-column elementor-element elementor-element-ad7131f\" data-id=\"ad7131f\" data-element_type=\"column\">\n\t\t\t<div class=\"elementor-widget-wrap elementor-element-populated\">\n\t\t\t\t\t\t<div class=\"elementor-element elementor-element-a0dfec2 elementor-widget elementor-widget-heading\" data-id=\"a0dfec2\" data-element_type=\"widget\" data-widget_type=\"heading.default\">\n\t\t\t\t<div class=\"elementor-widget-container\">\n\t\t\t\t\t<h2 class=\"elementor-heading-title elementor-size-default\">Ebooks<\/h2>\t\t\t\t<\/div>\n\t\t\t\t<\/div>\n\t\t\t\t<div class=\"elementor-element elementor-element-7b821f8 elementor-widget elementor-widget-spacer\" data-id=\"7b821f8\" data-element_type=\"widget\" data-widget_type=\"spacer.default\">\n\t\t\t\t<div class=\"elementor-widget-container\">\n\t\t\t\t\t\t\t<div class=\"elementor-spacer\">\n\t\t\t<div class=\"elementor-spacer-inner\"><\/div>\n\t\t<\/div>\n\t\t\t\t\t\t<\/div>\n\t\t\t\t<\/div>\n\t\t\t\t\t<\/div>\n\t\t<\/div>\n\t\t\t\t\t<\/div>\n\t\t<\/section>\n\t\t\t\t\t<\/div>\n\t\t<\/div>\n\t\t\t\t\t<\/div>\n\t\t<\/section>\n\t\t\t\t<\/div>\n\t\t<!--CusAds0-->\n<div style=\"font-size: 0px; height: 0px; line-height: 0px; margin: 0; padding: 0; clear: both;\"><\/div>","protected":false},"excerpt":{"rendered":"<p>Sobre mim Eu e minha hist\u00f3ria no canto Como eu menciono no in\u00edcio do site, eu sou graduado em Musicoterapia pela UFG (2006), mas estudo m\u00fasica desde os meus 11 anos de idade. Meu nome \u00e9 Fabr\u00edcio Brito, nasci e fui criado em Goi\u00e2nia. Na verdade vivi em Goi\u00e2nia at\u00e9 a idade adulta. Desde crian\u00e7a&hellip;&nbsp;<a href=\"https:\/\/1001razoes.com.br\/canto\/sobre-mim\/\" class=\"\" rel=\"bookmark\">Continue a ler &raquo;<span class=\"screen-reader-text\">Sobre mim<\/span><\/a><\/p>\n","protected":false},"author":1,"featured_media":0,"parent":0,"menu_order":0,"comment_status":"closed","ping_status":"closed","template":"page-templates\/template-pagebuilder-full-width.php","meta":{"neve_meta_sidebar":"","neve_meta_container":"","neve_meta_enable_content_width":"off","neve_meta_content_width":0,"neve_meta_title_alignment":"","neve_meta_author_avatar":"","neve_post_elements_order":"","neve_meta_disable_header":"","neve_meta_disable_footer":"","neve_meta_disable_title":"","_themeisle_gutenberg_block_has_review":false,"_ti_tpc_template_sync":false,"_ti_tpc_template_id":"","footnotes":""},"class_list":["post-64","page","type-page","status-publish","hentry"],"yoast_head":"<!-- This site is optimized with the Yoast SEO plugin v26.9 - https:\/\/yoast.com\/product\/yoast-seo-wordpress\/ -->\n<title>Sobre mim - Canto<\/title>\n<meta name=\"robots\" content=\"index, follow, max-snippet:-1, max-image-preview:large, max-video-preview:-1\" \/>\n<link rel=\"canonical\" href=\"https:\/\/1001razoes.com.br\/canto\/sobre-mim\/\" \/>\n<meta property=\"og:locale\" content=\"pt_BR\" \/>\n<meta property=\"og:type\" content=\"article\" \/>\n<meta property=\"og:title\" content=\"Sobre mim - Canto\" \/>\n<meta property=\"og:description\" content=\"Sobre mim Eu e minha hist\u00f3ria no canto Como eu menciono no in\u00edcio do site, eu sou graduado em Musicoterapia pela UFG (2006), mas estudo m\u00fasica desde os meus 11 anos de idade. Meu nome \u00e9 Fabr\u00edcio Brito, nasci e fui criado em Goi\u00e2nia. Na verdade vivi em Goi\u00e2nia at\u00e9 a idade adulta. Desde crian\u00e7a&hellip;&nbsp;Continue a ler &raquo;Sobre mim\" \/>\n<meta property=\"og:url\" content=\"https:\/\/1001razoes.com.br\/canto\/sobre-mim\/\" \/>\n<meta property=\"og:site_name\" content=\"Canto\" \/>\n<meta property=\"article:modified_time\" content=\"2020-10-25T08:51:02+00:00\" \/>\n<meta name=\"twitter:card\" content=\"summary_large_image\" \/>\n<meta name=\"twitter:label1\" content=\"Est. tempo de leitura\" \/>\n\t<meta name=\"twitter:data1\" content=\"5 minutos\" \/>\n<script type=\"application\/ld+json\" class=\"yoast-schema-graph\">{\"@context\":\"https:\/\/schema.org\",\"@graph\":[{\"@type\":\"WebPage\",\"@id\":\"https:\/\/1001razoes.com.br\/canto\/sobre-mim\/\",\"url\":\"https:\/\/1001razoes.com.br\/canto\/sobre-mim\/\",\"name\":\"Sobre mim - Canto\",\"isPartOf\":{\"@id\":\"https:\/\/1001razoes.com.br\/canto\/#website\"},\"datePublished\":\"2019-07-29T06:00:06+00:00\",\"dateModified\":\"2020-10-25T08:51:02+00:00\",\"breadcrumb\":{\"@id\":\"https:\/\/1001razoes.com.br\/canto\/sobre-mim\/#breadcrumb\"},\"inLanguage\":\"pt-BR\",\"potentialAction\":[{\"@type\":\"ReadAction\",\"target\":[\"https:\/\/1001razoes.com.br\/canto\/sobre-mim\/\"]}]},{\"@type\":\"BreadcrumbList\",\"@id\":\"https:\/\/1001razoes.com.br\/canto\/sobre-mim\/#breadcrumb\",\"itemListElement\":[{\"@type\":\"ListItem\",\"position\":1,\"name\":\"In\u00edcio\",\"item\":\"https:\/\/1001razoes.com.br\/canto\/\"},{\"@type\":\"ListItem\",\"position\":2,\"name\":\"Sobre mim\"}]},{\"@type\":\"WebSite\",\"@id\":\"https:\/\/1001razoes.com.br\/canto\/#website\",\"url\":\"https:\/\/1001razoes.com.br\/canto\/\",\"name\":\"Canto\",\"description\":\"Para quem ama cantar\",\"publisher\":{\"@id\":\"https:\/\/1001razoes.com.br\/canto\/#organization\"},\"potentialAction\":[{\"@type\":\"SearchAction\",\"target\":{\"@type\":\"EntryPoint\",\"urlTemplate\":\"https:\/\/1001razoes.com.br\/canto\/?s={search_term_string}\"},\"query-input\":{\"@type\":\"PropertyValueSpecification\",\"valueRequired\":true,\"valueName\":\"search_term_string\"}}],\"inLanguage\":\"pt-BR\"},{\"@type\":\"Organization\",\"@id\":\"https:\/\/1001razoes.com.br\/canto\/#organization\",\"name\":\"Canto\",\"url\":\"https:\/\/1001razoes.com.br\/canto\/\",\"logo\":{\"@type\":\"ImageObject\",\"inLanguage\":\"pt-BR\",\"@id\":\"https:\/\/1001razoes.com.br\/canto\/#\/schema\/logo\/image\/\",\"url\":\"https:\/\/1001razoes.com.br\/canto\/wp-content\/uploads\/2020\/10\/Titulo-site2.png\",\"contentUrl\":\"https:\/\/1001razoes.com.br\/canto\/wp-content\/uploads\/2020\/10\/Titulo-site2.png\",\"width\":350,\"height\":90,\"caption\":\"Canto\"},\"image\":{\"@id\":\"https:\/\/1001razoes.com.br\/canto\/#\/schema\/logo\/image\/\"}}]}<\/script>\n<!-- \/ Yoast SEO plugin. -->","yoast_head_json":{"title":"Sobre mim - Canto","robots":{"index":"index","follow":"follow","max-snippet":"max-snippet:-1","max-image-preview":"max-image-preview:large","max-video-preview":"max-video-preview:-1"},"canonical":"https:\/\/1001razoes.com.br\/canto\/sobre-mim\/","og_locale":"pt_BR","og_type":"article","og_title":"Sobre mim - Canto","og_description":"Sobre mim Eu e minha hist\u00f3ria no canto Como eu menciono no in\u00edcio do site, eu sou graduado em Musicoterapia pela UFG (2006), mas estudo m\u00fasica desde os meus 11 anos de idade. Meu nome \u00e9 Fabr\u00edcio Brito, nasci e fui criado em Goi\u00e2nia. Na verdade vivi em Goi\u00e2nia at\u00e9 a idade adulta. Desde crian\u00e7a&hellip;&nbsp;Continue a ler &raquo;Sobre mim","og_url":"https:\/\/1001razoes.com.br\/canto\/sobre-mim\/","og_site_name":"Canto","article_modified_time":"2020-10-25T08:51:02+00:00","twitter_card":"summary_large_image","twitter_misc":{"Est. tempo de leitura":"5 minutos"},"schema":{"@context":"https:\/\/schema.org","@graph":[{"@type":"WebPage","@id":"https:\/\/1001razoes.com.br\/canto\/sobre-mim\/","url":"https:\/\/1001razoes.com.br\/canto\/sobre-mim\/","name":"Sobre mim - Canto","isPartOf":{"@id":"https:\/\/1001razoes.com.br\/canto\/#website"},"datePublished":"2019-07-29T06:00:06+00:00","dateModified":"2020-10-25T08:51:02+00:00","breadcrumb":{"@id":"https:\/\/1001razoes.com.br\/canto\/sobre-mim\/#breadcrumb"},"inLanguage":"pt-BR","potentialAction":[{"@type":"ReadAction","target":["https:\/\/1001razoes.com.br\/canto\/sobre-mim\/"]}]},{"@type":"BreadcrumbList","@id":"https:\/\/1001razoes.com.br\/canto\/sobre-mim\/#breadcrumb","itemListElement":[{"@type":"ListItem","position":1,"name":"In\u00edcio","item":"https:\/\/1001razoes.com.br\/canto\/"},{"@type":"ListItem","position":2,"name":"Sobre mim"}]},{"@type":"WebSite","@id":"https:\/\/1001razoes.com.br\/canto\/#website","url":"https:\/\/1001razoes.com.br\/canto\/","name":"Canto","description":"Para quem ama cantar","publisher":{"@id":"https:\/\/1001razoes.com.br\/canto\/#organization"},"potentialAction":[{"@type":"SearchAction","target":{"@type":"EntryPoint","urlTemplate":"https:\/\/1001razoes.com.br\/canto\/?s={search_term_string}"},"query-input":{"@type":"PropertyValueSpecification","valueRequired":true,"valueName":"search_term_string"}}],"inLanguage":"pt-BR"},{"@type":"Organization","@id":"https:\/\/1001razoes.com.br\/canto\/#organization","name":"Canto","url":"https:\/\/1001razoes.com.br\/canto\/","logo":{"@type":"ImageObject","inLanguage":"pt-BR","@id":"https:\/\/1001razoes.com.br\/canto\/#\/schema\/logo\/image\/","url":"https:\/\/1001razoes.com.br\/canto\/wp-content\/uploads\/2020\/10\/Titulo-site2.png","contentUrl":"https:\/\/1001razoes.com.br\/canto\/wp-content\/uploads\/2020\/10\/Titulo-site2.png","width":350,"height":90,"caption":"Canto"},"image":{"@id":"https:\/\/1001razoes.com.br\/canto\/#\/schema\/logo\/image\/"}}]}},"_links":{"self":[{"href":"https:\/\/1001razoes.com.br\/canto\/wp-json\/wp\/v2\/pages\/64","targetHints":{"allow":["GET"]}}],"collection":[{"href":"https:\/\/1001razoes.com.br\/canto\/wp-json\/wp\/v2\/pages"}],"about":[{"href":"https:\/\/1001razoes.com.br\/canto\/wp-json\/wp\/v2\/types\/page"}],"author":[{"embeddable":true,"href":"https:\/\/1001razoes.com.br\/canto\/wp-json\/wp\/v2\/users\/1"}],"replies":[{"embeddable":true,"href":"https:\/\/1001razoes.com.br\/canto\/wp-json\/wp\/v2\/comments?post=64"}],"version-history":[{"count":5,"href":"https:\/\/1001razoes.com.br\/canto\/wp-json\/wp\/v2\/pages\/64\/revisions"}],"predecessor-version":[{"id":125,"href":"https:\/\/1001razoes.com.br\/canto\/wp-json\/wp\/v2\/pages\/64\/revisions\/125"}],"wp:attachment":[{"href":"https:\/\/1001razoes.com.br\/canto\/wp-json\/wp\/v2\/media?parent=64"}],"curies":[{"name":"wp","href":"https:\/\/api.w.org\/{rel}","templated":true}]}}